{"id":779,"date":"2022-09-27T15:28:54","date_gmt":"2022-09-27T12:28:54","guid":{"rendered":"https:\/\/tokyap.com\/?page_id=779"},"modified":"2022-09-30T12:50:41","modified_gmt":"2022-09-30T09:50:41","slug":"urunler","status":"publish","type":"page","link":"https:\/\/tokyap.com\/index.php\/urunler\/","title":{"rendered":"\u00dcr\u00fcnler"},"content":{"rendered":"<div id=\"pl-779\"  class=\"panel-layout\" ><div id=\"pg-779-0\"  class=\"panel-grid panel-no-style\" ><div id=\"pgc-779-0-0\"  class=\"panel-grid-cell\" ><div id=\"panel-779-0-0-0\" class=\"so-panel widget widget_text panel-first-child panel-last-child\" data-index=\"0\" ><h3 class=\"widget-title\">GRAN\u0130T K\u00dcPTA\u015e<\/h3>\t\t\t<div class=\"textwidget\"><div>4X6 GRAN\u0130T K\u00dcPTA\u015e<\/div>\n<div>6X8 GRAN\u0130T K\u00dcPTA\u015e<\/div>\n<div>8X10 GRAN\u0130T K\u00dcPTA\u015e<\/div>\n<div>10X20 GRAN\u0130T K\u00dcPTA\u015e<\/div>\n<div>10X20X50 KIRIM GRAN\u0130T BORD\u00dcR<\/div>\n<div>10X15-20-25-30X50 \u00d6L\u00c7\u00dcLER\u0130NDE GRAN\u0130T KES\u0130M BORD\u00dcR<\/div>\n<div>6X20X50 VE 8X25X50 CM \u00d6L\u00c7\u00dcLER\u0130NDE GRAN\u0130T OLUK<\/div>\n<div>*ayn\u0131 \u00f6l\u00e7\u00fclerde bazalt k\u0131r\u0131m ve kesim yap\u0131lmaktad\u0131r.<\/div>\n<\/div>\n\t\t<\/div><\/div><div id=\"pgc-779-0-1\"  class=\"panel-grid-cell\" ><div id=\"panel-779-0-1-0\" class=\"so-panel widget widget_text panel-first-child panel-last-child\" data-index=\"1\" ><h3 class=\"widget-title\">POMZA VE CURUF<\/h3>\t\t\t<div class=\"textwidget\"><div>0-5 MM \u015eAP \u0130\u00c7\u0130N CURUF<\/div>\n<div>10-20 MM TARIM \u0130\u00c7\u0130N CURUF<\/div>\n<div>12-18 MM DOLGU \u0130\u00c7\u0130N CURUF<\/div>\n<div>8-16 MM TARIM \u0130\u00c7\u0130N CURUF<\/div>\n<div>0-3 MM SIVA \u0130\u00c7\u0130N POMZA<\/div>\n<div>0-5MM \u015eAP \u0130\u00c7\u0130N POMZA<\/div>\n<div>4-16 MM TARIM POMZASI<\/div>\n<div>10-20 MM TARIM POMZASI<\/div>\n<div>4-20 MM DOLGU POMZASI<\/div>\n<div>0-40 MM DOLGU POMZASI<\/div>\n<div>15-25 MM TEKST\u0130L POMZASI<\/div>\n<div>20-40 MM TEKST\u0130L POMZASI<\/div>\n<div>30-50 MM TEKST\u0130L POMZASI<\/div>\n<\/div>\n\t\t<\/div><\/div><div id=\"pgc-779-0-2\"  class=\"panel-grid-cell\" ><div id=\"panel-779-0-2-0\" class=\"so-panel widget widget_text panel-first-child panel-last-child\" data-index=\"2\" ><h3 class=\"widget-title\">PERL\u0130T<\/h3>\t\t\t<div class=\"textwidget\"><div>0-8 MM F\u0130LTRE PERL\u0130T<\/div>\n<div>0-1 MM SIVA PERL\u0130T<\/div>\n<div>0-3 MM \u015eAP PERL\u0130T<\/div>\n<div>0-3 MM TARIM PERL\u0130T<\/div>\n<div>0-5 MM TARIM PERL\u0130T<\/div>\n<div>0-8 MM TARIM PERL\u0130T<\/div>\n<\/div>\n\t\t<\/div><\/div><\/div><\/div>","protected":false},"excerpt":{"rendered":"<p>4X6 GRAN\u0130T K\u00dcPTA\u015e 6X8 GRAN\u0130T K\u00dcPTA\u015e 8X10 GRAN\u0130T K\u00dcPTA\u015e 10X20 GRAN\u0130T K\u00dcPTA\u015e 10X20X50 KIRIM GRAN\u0130T BORD\u00dcR 10X15-20-25-30X50 \u00d6L\u00c7\u00dcLER\u0130NDE GRAN\u0130T KES\u0130M [&hellip;]<\/p>\n","protected":false},"author":1,"featured_media":0,"parent":0,"menu_order":0,"comment_status":"closed","ping_status":"closed","template":"","meta":{"footnotes":""},"class_list":["post-779","page","type-page","status-publish","hentry"],"_links":{"self":[{"href":"https:\/\/tokyap.com\/index.php\/wp-json\/wp\/v2\/pages\/779","targetHints":{"allow":["GET"]}}],"collection":[{"href":"https:\/\/tokyap.com\/index.php\/wp-json\/wp\/v2\/pages"}],"about":[{"href":"https:\/\/tokyap.com\/index.php\/wp-json\/wp\/v2\/types\/page"}],"author":[{"embeddable":true,"href":"https:\/\/tokyap.com\/index.php\/wp-json\/wp\/v2\/users\/1"}],"replies":[{"embeddable":true,"href":"https:\/\/tokyap.com\/index.php\/wp-json\/wp\/v2\/comments?post=779"}],"version-history":[{"count":4,"href":"https:\/\/tokyap.com\/index.php\/wp-json\/wp\/v2\/pages\/779\/revisions"}],"predecessor-version":[{"id":825,"href":"https:\/\/tokyap.com\/index.php\/wp-json\/wp\/v2\/pages\/779\/revisions\/825"}],"wp:attachment":[{"href":"https:\/\/tokyap.com\/index.php\/wp-json\/wp\/v2\/media?parent=779"}],"curies":[{"name":"wp","href":"https:\/\/api.w.org\/{rel}","templated":true}]}}