{"id":776,"date":"2022-09-27T15:28:12","date_gmt":"2022-09-27T12:28:12","guid":{"rendered":"https:\/\/tokyap.com\/?page_id=776"},"modified":"2023-06-10T11:00:36","modified_gmt":"2023-06-10T08:00:36","slug":"iletisim","status":"publish","type":"page","link":"https:\/\/tokyap.com\/index.php\/iletisim\/","title":{"rendered":"\u0130leti\u015fim"},"content":{"rendered":"<div id=\"pl-776\"  class=\"panel-layout\" ><div id=\"pg-776-0\"  class=\"panel-grid panel-no-style\" ><div id=\"pgc-776-0-0\"  class=\"panel-grid-cell\" ><div id=\"panel-776-0-0-0\" class=\"so-panel widget widget_text panel-first-child panel-last-child\" data-index=\"0\" ><h3 class=\"widget-title\">ANKARA MERKEZ<\/h3>\t\t\t<div class=\"textwidget\"><p>Sa\u011fl\u0131k 1 Sok 59\/34 K\u0131z\u0131lay \/ Ankara<br \/>\nTel: +90 312 222 77 30<\/p>\n<\/div>\n\t\t<\/div><\/div><div id=\"pgc-776-0-1\"  class=\"panel-grid-cell\" ><div id=\"panel-776-0-1-0\" class=\"so-panel widget widget_text panel-first-child panel-last-child\" data-index=\"1\" ><h3 class=\"widget-title\">\u0130STANBUL \u0130RT\u0130BAT OF\u0130S\u0130<\/h3>\t\t\t<div class=\"textwidget\"><p>Abdurrahmangazi Mahallesi<br \/>\n\u00dcst\u00fcn Sokak No:16<br \/>\nSancaktepe \/ \u0130STANBUL<br \/>\nTel: +90 216 322 00 88<br \/>\n       +90 216 322 30 44<br \/>\ntokyap@tokyap.com<\/p>\n<\/div>\n\t\t<\/div><\/div><div id=\"pgc-776-0-2\"  class=\"panel-grid-cell\" ><div id=\"panel-776-0-2-0\" class=\"so-panel widget widget_text panel-first-child panel-last-child\" data-index=\"2\" ><h3 class=\"widget-title\">NEV\u015eEH\u0130R FABR\u0130KA<\/h3>\t\t\t<div class=\"textwidget\"><p>Ni\u011fde Yolu 11.km<br \/>\nGsm: +90 532 777 32 05<\/p>\n<\/div>\n\t\t<\/div><\/div><div id=\"pgc-776-0-3\"  class=\"panel-grid-cell\" ><div id=\"panel-776-0-3-0\" class=\"so-panel widget widget_text panel-first-child panel-last-child\" data-index=\"3\" ><h3 class=\"widget-title\">\u0130ZM\u0130R FABR\u0130KA<\/h3>\t\t\t<div class=\"textwidget\"><p>A\u015fa\u011f\u0131cuma K\u00f6y\u00fc<br \/>\nBERGAMA - \u0130ZM\u0130R - T\u00dcRK\u0130YE<br \/>\nTel: +90 232 700 26 73<\/p>\n<\/div>\n\t\t<\/div><\/div><\/div><\/div>","protected":false},"excerpt":{"rendered":"<p>Sa\u011fl\u0131k 1 Sok 59\/34 K\u0131z\u0131lay \/ Ankara Tel: +90 312 222 77 30 Abdurrahmangazi Mahallesi \u00dcst\u00fcn Sokak No:16 Sancaktepe \/ [&hellip;]<\/p>\n","protected":false},"author":1,"featured_media":0,"parent":0,"menu_order":0,"comment_status":"closed","ping_status":"closed","template":"page-templates\/pagebuilder.php","meta":{"footnotes":""},"class_list":["post-776","page","type-page","status-publish","hentry"],"_links":{"self":[{"href":"https:\/\/tokyap.com\/index.php\/wp-json\/wp\/v2\/pages\/776","targetHints":{"allow":["GET"]}}],"collection":[{"href":"https:\/\/tokyap.com\/index.php\/wp-json\/wp\/v2\/pages"}],"about":[{"href":"https:\/\/tokyap.com\/index.php\/wp-json\/wp\/v2\/types\/page"}],"author":[{"embeddable":true,"href":"https:\/\/tokyap.com\/index.php\/wp-json\/wp\/v2\/users\/1"}],"replies":[{"embeddable":true,"href":"https:\/\/tokyap.com\/index.php\/wp-json\/wp\/v2\/comments?post=776"}],"version-history":[{"count":15,"href":"https:\/\/tokyap.com\/index.php\/wp-json\/wp\/v2\/pages\/776\/revisions"}],"predecessor-version":[{"id":855,"href":"https:\/\/tokyap.com\/index.php\/wp-json\/wp\/v2\/pages\/776\/revisions\/855"}],"wp:attachment":[{"href":"https:\/\/tokyap.com\/index.php\/wp-json\/wp\/v2\/media?parent=776"}],"curies":[{"name":"wp","href":"https:\/\/api.w.org\/{rel}","templated":true}]}}