{"id":772,"date":"2022-09-27T15:25:44","date_gmt":"2022-09-27T12:25:44","guid":{"rendered":"https:\/\/tokyap.com\/?page_id=772"},"modified":"2022-10-11T04:24:34","modified_gmt":"2022-10-11T01:24:34","slug":"hakkimizda","status":"publish","type":"page","link":"https:\/\/tokyap.com\/index.php\/hakkimizda\/","title":{"rendered":"Hakk\u0131m\u0131zda"},"content":{"rendered":"<div id=\"pl-772\"  class=\"panel-layout\" ><div id=\"pg-772-0\"  class=\"panel-grid panel-no-style\" ><div id=\"pgc-772-0-0\"  class=\"panel-grid-cell\" ><div id=\"panel-772-0-0-0\" class=\"so-panel widget widget_text panel-first-child panel-last-child\" data-index=\"0\" ><h3 class=\"widget-title\">1981\u2019den bu yana..<\/h3>\t\t\t<div class=\"textwidget\"><p class=\"p3\"><span class=\"s1\"><img loading=\"lazy\" decoding=\"async\" class=\"alignleft wp-image-819 \" src=\"https:\/\/tokyap.com\/wp-content\/uploads\/2022\/09\/baba-ogul-1024x673.jpg\" alt=\"\" width=\"428\" height=\"281\" srcset=\"https:\/\/tokyap.com\/wp-content\/uploads\/2022\/09\/baba-ogul-1024x673.jpg 1024w, https:\/\/tokyap.com\/wp-content\/uploads\/2022\/09\/baba-ogul-300x197.jpg 300w, https:\/\/tokyap.com\/wp-content\/uploads\/2022\/09\/baba-ogul-768x505.jpg 768w, https:\/\/tokyap.com\/wp-content\/uploads\/2022\/09\/baba-ogul.jpg 1200w\" sizes=\"auto, (max-width: 428px) 100vw, 428px\" \/><img loading=\"lazy\" decoding=\"async\" class=\" wp-image-834 alignright\" src=\"https:\/\/tokyap.com\/wp-content\/uploads\/2022\/10\/20-yil-logo-300x196.png\" alt=\"\" width=\"118\" height=\"77\" srcset=\"https:\/\/tokyap.com\/wp-content\/uploads\/2022\/10\/20-yil-logo-300x196.png 300w, https:\/\/tokyap.com\/wp-content\/uploads\/2022\/10\/20-yil-logo.png 500w\" sizes=\"auto, (max-width: 118px) 100vw, 118px\" \/>TOKYAP;\u00a0<b>granit k\u00fcpta\u015f<\/b>\u00a0sat\u0131\u015f ve pazarlama konusunda m\u00fc\u015fteri memnuniyetini en \u00f6n planda tutmak i\u00e7in in\u015faat sekt\u00f6r\u00fcnde avrupa standard\u0131nda hizmet vermeyi ve yap\u0131 malzemelerinde teknolojik geli\u015fmeleri takip ederek kalite standartlar\u0131na uygun, sa\u011flam ve g\u00fcvenilir \u00fcr\u00fcnler \u00fcretmeyi hedef olarak edinmi\u015ftir. Bu misyon \u00e7er\u00e7evesinde gerek yurti\u00e7i gerekse yurtd\u0131\u015f\u0131 pazarda prensiplerini korumaktad\u0131r.<\/span><\/p>\n<p class=\"p3\"><span class=\"s1\">Vizyonumuzu k\u0131saca \u00f6zetleyecek olursak\u00a0<b>granit ve k\u00fcpta\u015f<\/b>\u00a0sekt\u00f6r\u00fcnde pazar pay\u0131n\u0131 ve m\u00fc\u015fteri profilini geni\u015f bir yelpazede tutmak. Madencilik ve in\u015faat malzemeleri \u00fcretiminde evrensel boyutta teknolojik geli\u015fmeleri takip ederek\u00a0<b>k\u00fcpta\u015f<\/b>\u00a0i\u00e7in kalite standartlar\u0131na uygun \u00fcretim yapmak. T\u00fcm bunlara ek olarak \u00e7evreye ve do\u011fal kaynaklar\u0131n kullan\u0131m\u0131na duyarl\u0131\u00a0<b>granit k\u00fcpta\u015f <\/b><\/span><span class=\"s1\">sert peyzaj elemanlar\u0131 \u00fcretmek ve nakliye uygulama dahil anahtar teslim yapmakt\u0131r.<\/span><\/p>\n<p class=\"p5\"><strong><span class=\"s1\">Firmam\u0131z Yap\u0131s\u0131<\/span><\/strong><\/p>\n<p class=\"p3\"><span class=\"s1\">TOKYAP M\u00fchendislik Madencilik \u0130n\u015faat San. Tic. Ltd. \u015eti. , gen\u00e7 ve g\u00fc\u00e7l\u00fc yap\u0131s\u0131 ile granit k\u00fcp ta\u015f yap\u0131 elemanlar\u0131 sekt\u00f6r\u00fcnde hizmet vermeye 2005 senesinin ilk \u00e7eyre\u011finde ba\u015flam\u0131\u015f, orta\u011f\u0131 oldu\u011fu Nev\u015fehir ve Bergama&#8217;da <\/span><span class=\"s1\">bulunan maden \u00fcretim ve kesim tesisi ile \u00fclkemiz i\u00e7i ve yurtd\u0131\u015f\u0131ndaki pazarlara hizmet etme, her t\u00fcrl\u00fc granit k\u00fcpta\u015f yap\u0131 elemanlar\u0131 ve do\u011fal ta\u015f gereksinimlerine cevap vemektedir. \u015eirketimiz bu sekt\u00f6r\u00fcn i\u00e7inden gelmi\u015f mimar ve m\u00fchendisler taraf\u0131ndan kurulmu\u015ftur. <\/span><\/p>\n<p class=\"p3\"><span class=\"s1\">\u015eu an plaka, blok ve projelerde kullan\u0131ma haz\u0131r \u00e7e\u015fitli ebat ve boyutlarda granit, k\u00fcpta\u015f ba\u015fta olmak \u00fczere bir \u00e7ok farkl\u0131 ve \u00e7e\u015fitli do\u011fal ta\u015f sat\u0131\u015f\u0131, her tip ve ebatta malzeme tedari\u011fi sa\u011flayan firmam\u0131z, uygulama projelerinde de yine gen\u00e7 yarat\u0131c\u0131 \u00f6zelli\u011fe sahip bir peyzaj mimar\u0131 grubunu da b\u00fcnyesinde bulundurmaktad\u0131r. <\/span><\/p>\n<p class=\"p3\"><span class=\"s1\">D\u00fc\u015f\u00fcnce yap\u0131s\u0131 ile m\u00fc\u015fteri memnuniyetini hedefleyen, m\u00fc\u015fteri beklentilerine odakl\u0131 hizmet ve kalite anlay\u0131\u015f\u0131 ile \u00e7al\u0131\u015fmaktay\u0131z.<\/span><\/p>\n<p class=\"p3\"><span class=\"s1\">Sonu\u00e7 olarak amac\u0131m\u0131z, m\u00fc\u015fterilerimizin istekleri do\u011frultusunda; en h\u0131zl\u0131, en kaliteli ve en uygun fiyatlarla beklentilere cevap vermektir.<\/span><\/p>\n<\/div>\n\t\t<\/div><\/div><\/div><\/div>","protected":false},"excerpt":{"rendered":"<p>TOKYAP;\u00a0granit k\u00fcpta\u015f\u00a0sat\u0131\u015f ve pazarlama konusunda m\u00fc\u015fteri memnuniyetini en \u00f6n planda tutmak i\u00e7in in\u015faat sekt\u00f6r\u00fcnde avrupa standard\u0131nda hizmet vermeyi ve yap\u0131 [&hellip;]<\/p>\n","protected":false},"author":1,"featured_media":0,"parent":0,"menu_order":0,"comment_status":"closed","ping_status":"closed","template":"","meta":{"footnotes":""},"class_list":["post-772","page","type-page","status-publish","hentry"],"_links":{"self":[{"href":"https:\/\/tokyap.com\/index.php\/wp-json\/wp\/v2\/pages\/772","targetHints":{"allow":["GET"]}}],"collection":[{"href":"https:\/\/tokyap.com\/index.php\/wp-json\/wp\/v2\/pages"}],"about":[{"href":"https:\/\/tokyap.com\/index.php\/wp-json\/wp\/v2\/types\/page"}],"author":[{"embeddable":true,"href":"https:\/\/tokyap.com\/index.php\/wp-json\/wp\/v2\/users\/1"}],"replies":[{"embeddable":true,"href":"https:\/\/tokyap.com\/index.php\/wp-json\/wp\/v2\/comments?post=772"}],"version-history":[{"count":5,"href":"https:\/\/tokyap.com\/index.php\/wp-json\/wp\/v2\/pages\/772\/revisions"}],"predecessor-version":[{"id":835,"href":"https:\/\/tokyap.com\/index.php\/wp-json\/wp\/v2\/pages\/772\/revisions\/835"}],"wp:attachment":[{"href":"https:\/\/tokyap.com\/index.php\/wp-json\/wp\/v2\/media?parent=772"}],"curies":[{"name":"wp","href":"https:\/\/api.w.org\/{rel}","templated":true}]}}