{"id":643,"date":"2017-01-02T08:28:52","date_gmt":"2017-01-02T08:28:52","guid":{"rendered":"https:\/\/demo.themegrill.com\/flash-default-2\/?page_id=5"},"modified":"2022-10-11T07:20:11","modified_gmt":"2022-10-11T04:20:11","slug":"home-2","status":"publish","type":"page","link":"https:\/\/tokyap.com\/","title":{"rendered":"Anasayfa"},"content":{"rendered":"<div id=\"pl-643\"  class=\"panel-layout\" ><div id=\"pg-643-0\"  class=\"panel-grid panel-has-style\" ><div class=\"siteorigin-panels-stretch panel-row-style panel-row-style-for-643-0\" data-stretch-type=\"full-stretched\" ><div id=\"pgc-643-0-0\"  class=\"panel-grid-cell\" ><div id=\"panel-643-0-0-0\" class=\"so-panel widget widget_themegrill_flash_slider tg-section tg-slider-widget panel-first-child panel-last-child\" data-index=\"0\" ><div class=\"tg-slider-widget slider-light slider-content-center slider-control-center full-width\">\n\t<div class=\"swiper-container\">\n\t\t<div class=\"swiper-wrapper\">\n\t\t\t\n\t\t\t\t\t<div class=\"swiper-slide\">\n\t\t\t\t\t\t<figure class=\"slider-image\" >\n\t\t\t\t\t\t\t<img width=\"1920\" height=\"700\"\t\t\t\t\t\t\t\t\tsrc=\"https:\/\/tokyap.com\/wp-content\/uploads\/2022\/09\/tokyap-slider-2.jpg\"\n\t\t\t\t\t\t\t\t\talt=\"En Kapsaml\u0131 ve En Tecr\u00fcbeli\"\n\t\t\t\t\t\t\t\t\ttitle=\"En Kapsaml\u0131 ve En Tecr\u00fcbeli\"\/>\n\t\t\t\t\t\t\t<div class=\"overlay\"><\/div>\n\t\t\t\t\t\t<\/figure>\n\t\t\t\t\t\t<div class=\"slider-content\">\n\t\t\t\t\t\t\t<div class=\"tg-container\">\n\t\t\t\t\t\t\t\t<div class=\"caption-title\">En Kapsaml\u0131 ve En Tecr\u00fcbeli<\/div>\n\t\t\t\t\t\t\t\t<div class=\"caption-desc\">Projelerinize hayat verecek t\u00fcm \u00e7\u00f6z\u00fcmler i\u00e7in TOKYAP size yeter!<\/div>\n\t\t\t\t\t\t\t\t\t\t\t\t\t\t\t\t\t<div class=\"btn-wrapper\">\n\t\t\t\t\t\t\t\t\t\t<a href=\"#\">Teklif \u0130steyin<\/a>\n\t\t\t\t\t\t\t\t\t<\/div>\n\t\t\t\t\t\t\t\t\t\t\t\t\t\t\t<\/div>\n\t\t\t\t\t\t<\/div>\n\t\t\t\t\t<\/div>\n\n\t\t\t\t\n\t\t\t\t\t<div class=\"swiper-slide\">\n\t\t\t\t\t\t<figure class=\"slider-image\" >\n\t\t\t\t\t\t\t<img width=\"1920\" height=\"700\"\t\t\t\t\t\t\t\t\tsrc=\"https:\/\/tokyap.com\/wp-content\/uploads\/2022\/09\/tokyap-slider-3.jpg\"\n\t\t\t\t\t\t\t\t\talt=\"Do\u011fadan sanata y\u00f6n veren granit..\"\n\t\t\t\t\t\t\t\t\ttitle=\"Do\u011fadan sanata y\u00f6n veren granit..\"\/>\n\t\t\t\t\t\t\t<div class=\"overlay\"><\/div>\n\t\t\t\t\t\t<\/figure>\n\t\t\t\t\t\t<div class=\"slider-content\">\n\t\t\t\t\t\t\t<div class=\"tg-container\">\n\t\t\t\t\t\t\t\t<div class=\"caption-title\">Do\u011fadan sanata y\u00f6n veren granit..<\/div>\n\t\t\t\t\t\t\t\t<div class=\"caption-desc\">Ta\u015f i\u015fleme ve uygulama projelerimizle profesyonel hizmet.<\/div>\n\t\t\t\t\t\t\t\t\t\t\t\t\t\t\t\t\t<div class=\"btn-wrapper\">\n\t\t\t\t\t\t\t\t\t\t<a href=\"http:\/\/Tu\u015f%20ba\u011flant\u0131s\u0131\">Buton Yaz\u0131s\u0131<\/a>\n\t\t\t\t\t\t\t\t\t<\/div>\n\t\t\t\t\t\t\t\t\t\t\t\t\t\t\t<\/div>\n\t\t\t\t\t\t<\/div>\n\t\t\t\t\t<\/div>\n\n\t\t\t\t\t\t<\/div>\n\t\t<div class=\"swiper-pagination\"><\/div>\n\t\t<div class=\"slider-arrow\">\n\t\t\t<div class=\"swiper-button-next\"><\/div>\n\t\t\t<div class=\"swiper-button-prev\"><\/div>\n\t\t<\/div>\n\t<\/div>\n<\/div>\n<\/div><\/div><\/div><\/div><div id=\"pg-643-1\"  class=\"panel-grid panel-has-style\" ><div class=\"panel-row-style panel-row-style-for-643-1\" ><div id=\"pgc-643-1-0\"  class=\"panel-grid-cell\" ><div id=\"panel-643-1-0-0\" class=\"so-panel widget widget_themegrill_flash_service tg-widget tg-single-service panel-first-child panel-last-child\" data-index=\"1\" >\n<div class=\"tg-service-widget tg-service-layout-1\">\n\t<div class=\"service-wrapper\">\n\t\t<div class=\"service-icon-title-wrapper clearfix\">\n\t\t\t\t\t\t<div class=\"service-icon-wrap\"><i class=\"fa fa-info-circle\"><\/i><\/div>\n\t\t\t\t\t\t\t\t\t\t\t\t<h3 class=\"service-title-wrap\">\n\t\t\t\t\t\t\t\t<a href=\"#\">\n\t\t\t\tTOKYAP Hakk\u0131nda\t\t\t\t\t\t\t\t<\/a>\n\t\t\t\t\t\t\t<\/h3>\n\t\t\t\t\t<\/div>\n\t\t\t\t<div class=\"service-content-wrap\">TOKYAP;\u00a0granit k\u00fcpta\u015f\u00a0sat\u0131\u015f ve pazarlama konusunda m\u00fc\u015fteri memnuniyetini en \u00f6n planda tutmak i\u00e7in in\u015faat sekt\u00f6r\u00fcnde avrupa standard\u0131nda hizmet vermeyi ve yap\u0131 malzemelerinde teknolojik geli\u015fmeleri takip ederek kalite standartlar\u0131na uygun, sa\u011flam ve g\u00fcvenilir \u00fcr\u00fcnler \u00fcretmeyi hedef olarak edinmi\u015ftir. Bu misyon \u00e7er\u00e7evesinde gerek yurti\u00e7i gerekse yurtd\u0131\u015f\u0131 pazarda prensiplerini korumaktad\u0131r.<\/div>\n\t\t\t\t\t\t<a class=\"service-more\" href=\"#\">Devam\u0131n\u0131 Oku<\/a>\n\t\t\t<\/div>\n<\/div>\n<\/div><\/div><div id=\"pgc-643-1-1\"  class=\"panel-grid-cell\" ><div id=\"panel-643-1-1-0\" class=\"so-panel widget widget_themegrill_flash_service tg-widget tg-single-service panel-first-child panel-last-child\" data-index=\"2\" >\n<div class=\"tg-service-widget tg-service-layout-1\">\n\t<div class=\"service-wrapper\">\n\t\t<div class=\"service-icon-title-wrapper clearfix\">\n\t\t\t\t\t\t<div class=\"service-icon-wrap\"><i class=\"fa fa-thumbs-up\"><\/i><\/div>\n\t\t\t\t\t\t\t\t\t\t\t\t<h3 class=\"service-title-wrap\">\n\t\t\t\t\t\t\t\t<a href=\"#\">\n\t\t\t\tPROFESYONELL\u0130K\t\t\t\t\t\t\t\t<\/a>\n\t\t\t\t\t\t\t<\/h3>\n\t\t\t\t\t<\/div>\n\t\t\t\t<div class=\"service-content-wrap\">TOKYAP M\u00fchendislik Madencilik \u0130n\u015faat San. Tic. Ltd. \u015eti. , gen\u00e7 ve g\u00fc\u00e7l\u00fc yap\u0131s\u0131 ile granit k\u00fcp ta\u015f yap\u0131 elemanlar\u0131 sekt\u00f6r\u00fcnde hizmet vermeye 2005 senesinin ilk \u00e7eyre\u011finde ba\u015flam\u0131\u015f orta\u011f\u0131 oldu\u011fu K\u00fcpta\u015f \u00dcretim Tesisi ve Kesim Tesisi ile, \u00fclkemiz i\u00e7i ve yurtd\u0131\u015f\u0131ndaki pazarlara hizmet etme, her t\u00fcrl\u00fc granit k\u00fcpta\u015f yap\u0131 elemanlar\u0131 ve do\u011fal ta\u015f gereksinimlerine cevap verme amac\u0131 g\u00fctmektedir<\/div>\n\t\t\t\t\t\t<a class=\"service-more\" href=\"#\">Devam\u0131n\u0131 Oku<\/a>\n\t\t\t<\/div>\n<\/div>\n<\/div><\/div><div id=\"pgc-643-1-2\"  class=\"panel-grid-cell\" ><div id=\"panel-643-1-2-0\" class=\"so-panel widget widget_themegrill_flash_service tg-widget tg-single-service panel-first-child panel-last-child\" data-index=\"3\" >\n<div class=\"tg-service-widget tg-service-layout-1\">\n\t<div class=\"service-wrapper\">\n\t\t<div class=\"service-icon-title-wrapper clearfix\">\n\t\t\t\t\t\t<div class=\"service-icon-wrap\"><i class=\"fa fa-check-square\"><\/i><\/div>\n\t\t\t\t\t\t\t\t\t\t\t\t<h3 class=\"service-title-wrap\">\n\t\t\t\t\t\t\t\t<a href=\"#\">\n\t\t\t\t\u00dcR\u00dcN \u00c7E\u015e\u0130TL\u0130L\u0130\u011e\u0130\t\t\t\t\t\t\t\t<\/a>\n\t\t\t\t\t\t\t<\/h3>\n\t\t\t\t\t<\/div>\n\t\t\t\t<div class=\"service-content-wrap\">Pomza Ta\u015f\u0131, Bims, Curuf, Perlit, K\u00fcpta\u015f, Kayrak gibi bir \u00e7ok ta\u015f \u00e7e\u015fidinin tedari\u011fini ve \u00fcretimini yapmaktay\u0131z. Ayn\u0131 zamanda yap\u0131 malzemelerinde teknolojik geli\u015fmeleri takip ederek kalite standartlar\u0131na uygun, sa\u011flam ve g\u00fcvenilir \u00fcr\u00fcnler \u00fcretmekteyiz.<\/div>\n\t\t\t\t\t\t<a class=\"service-more\" href=\"#\">Devam\u0131n\u0131 Oku<\/a>\n\t\t\t<\/div>\n<\/div>\n<\/div><\/div><\/div><\/div><div id=\"pg-643-2\"  class=\"panel-grid panel-has-style\" ><div class=\"siteorigin-panels-stretch panel-row-style panel-row-style-for-643-2\" data-stretch-type=\"full\" ><div id=\"pgc-643-2-0\"  class=\"panel-grid-cell\" ><div id=\"panel-643-2-0-0\" class=\"so-panel widget widget_themegrill_flash_heading tg-widget section-title-wrapper panel-first-child\" data-index=\"4\" >\t<h3 class=\"section-title\">\u00dcR\u00dcNLER\u0130M\u0130Z<\/h3>\n\t<div class=\"section-description\">TOKYAP Madencilik \u00fcr\u00fcnleri ile ilgili detayl\u0131 bilgileri sayfalar\u0131m\u0131zda bulabilirsiniz.<\/div>\n<\/div><div id=\"panel-643-2-0-1\" class=\"so-panel widget widget_themegrill_flash_portfolio tg-section feature-product-section panel-last-child\" data-index=\"5\" ><div class=\"tg-feature-product-layout-1 tg-feature-product-filter-layout\"><div class=\"tg-container\"><div class=\"grid\"><div class=\"tg-column-wrapper\"><div class=\"tg-feature-product-widget element-item uxdesign tg-column-4 portfolio \" data-category=\"portfolio \"><figure><img loading=\"lazy\" decoding=\"async\" width=\"900\" height=\"900\" src=\"https:\/\/tokyap.com\/wp-content\/uploads\/2017\/01\/pomza2.jpeg\" class=\"attachment-full size-full wp-post-image\" alt=\"\" srcset=\"https:\/\/tokyap.com\/wp-content\/uploads\/2017\/01\/pomza2.jpeg 900w, https:\/\/tokyap.com\/wp-content\/uploads\/2017\/01\/pomza2-300x300.jpeg 300w, https:\/\/tokyap.com\/wp-content\/uploads\/2017\/01\/pomza2-150x150.jpeg 150w, https:\/\/tokyap.com\/wp-content\/uploads\/2017\/01\/pomza2-768x768.jpeg 768w, https:\/\/tokyap.com\/wp-content\/uploads\/2017\/01\/pomza2-600x600.jpeg 600w, https:\/\/tokyap.com\/wp-content\/uploads\/2017\/01\/pomza2-100x100.jpeg 100w\" sizes=\"auto, (max-width: 900px) 100vw, 900px\" \/><\/figure><div class=\"featured-image-desc\"><span><a href=\"https:\/\/tokyap.com\/index.php\/portfoy\/pomza\/\"><i class=\"fa fa-plus\"><\/i><\/a><\/span><div class=\"feature-inner-block\"><h3 class=\"feature-title-wrap\"><a href=\"https:\/\/tokyap.com\/index.php\/portfoy\/pomza\/\">Pomza &#8211; Ponza \u00dcretim ve Nakliyeli Sat\u0131\u015f<\/a><\/h3><h4 class=\"feature-desc-wrap\">POMZA; volkanik k\u00f6kenli slikat esasl\u0131 cams\u0131 ve g\u00f6zenekli bir yap\u0131ya sahip volkanik agregad\u0131r. G\u00f6zenekli a\u011f\u0131rl\u0131\u011f\u0131 500kg\/m3 olan bu do\u011fal malzeme [&hellip;]<\/h4><\/div><\/div><\/div><div class=\"tg-feature-product-widget element-item uxdesign tg-column-4 portfolio \" data-category=\"portfolio \"><figure><img loading=\"lazy\" decoding=\"async\" width=\"900\" height=\"900\" src=\"https:\/\/tokyap.com\/wp-content\/uploads\/2017\/01\/perlit.jpg\" class=\"attachment-full size-full wp-post-image\" alt=\"\" srcset=\"https:\/\/tokyap.com\/wp-content\/uploads\/2017\/01\/perlit.jpg 900w, https:\/\/tokyap.com\/wp-content\/uploads\/2017\/01\/perlit-300x300.jpg 300w, https:\/\/tokyap.com\/wp-content\/uploads\/2017\/01\/perlit-150x150.jpg 150w, https:\/\/tokyap.com\/wp-content\/uploads\/2017\/01\/perlit-768x768.jpg 768w, https:\/\/tokyap.com\/wp-content\/uploads\/2017\/01\/perlit-600x600.jpg 600w, https:\/\/tokyap.com\/wp-content\/uploads\/2017\/01\/perlit-100x100.jpg 100w\" sizes=\"auto, (max-width: 900px) 100vw, 900px\" \/><\/figure><div class=\"featured-image-desc\"><span><a href=\"https:\/\/tokyap.com\/index.php\/portfoy\/perlit-uretim-satis\/\"><i class=\"fa fa-plus\"><\/i><\/a><\/span><div class=\"feature-inner-block\"><h3 class=\"feature-title-wrap\"><a href=\"https:\/\/tokyap.com\/index.php\/portfoy\/perlit-uretim-satis\/\">Perlit \u00dcretim &#8211; Sat\u0131\u015f<\/a><\/h3><h4 class=\"feature-desc-wrap\">Perlit\u00a0Nedir; Perlit\u00a0denilince; petrografide so\u011fumaya ba\u011fl\u0131 olarak meydana gelen uzaman\u0131n, g\u00f6zle veya mikroskopla g\u00f6r\u00fclebilecek konsantrik yap\u0131 ya da k\u0131r\u0131lmas\u0131n\u0131n meydana getirdi\u011fi [&hellip;]<\/h4><\/div><\/div><\/div><div class=\"tg-feature-product-widget element-item uxdesign tg-column-4 portfolio \" data-category=\"portfolio \"><figure><img loading=\"lazy\" decoding=\"async\" width=\"900\" height=\"900\" src=\"https:\/\/tokyap.com\/wp-content\/uploads\/2017\/01\/bims.jpg\" class=\"attachment-full size-full wp-post-image\" alt=\"\" srcset=\"https:\/\/tokyap.com\/wp-content\/uploads\/2017\/01\/bims.jpg 900w, https:\/\/tokyap.com\/wp-content\/uploads\/2017\/01\/bims-300x300.jpg 300w, https:\/\/tokyap.com\/wp-content\/uploads\/2017\/01\/bims-150x150.jpg 150w, https:\/\/tokyap.com\/wp-content\/uploads\/2017\/01\/bims-768x768.jpg 768w, https:\/\/tokyap.com\/wp-content\/uploads\/2017\/01\/bims-600x600.jpg 600w, https:\/\/tokyap.com\/wp-content\/uploads\/2017\/01\/bims-100x100.jpg 100w\" sizes=\"auto, (max-width: 900px) 100vw, 900px\" \/><\/figure><div class=\"featured-image-desc\"><span><a href=\"https:\/\/tokyap.com\/index.php\/portfoy\/bims-uretimi\/\"><i class=\"fa fa-plus\"><\/i><\/a><\/span><div class=\"feature-inner-block\"><h3 class=\"feature-title-wrap\"><a href=\"https:\/\/tokyap.com\/index.php\/portfoy\/bims-uretimi\/\">Bims \u00dcretimi<\/a><\/h3><h4 class=\"feature-desc-wrap\">POMZA di\u011fer ad\u0131yla bims , bir miktar y\u00fczey harfiyat\u0131 yap\u0131ld\u0131ktan sonra direk pomza damar\u0131ndan veya in\u015faat ve tar\u0131m sekt\u00f6r\u00fcnde kullan\u0131labilen [&hellip;]<\/h4><\/div><\/div><\/div><div class=\"tg-feature-product-widget element-item uxdesign tg-column-4 portfolio \" data-category=\"portfolio \"><figure><img loading=\"lazy\" decoding=\"async\" width=\"900\" height=\"900\" src=\"https:\/\/tokyap.com\/wp-content\/uploads\/2017\/01\/kuptas-900.jpg\" class=\"attachment-full size-full wp-post-image\" alt=\"\" srcset=\"https:\/\/tokyap.com\/wp-content\/uploads\/2017\/01\/kuptas-900.jpg 900w, https:\/\/tokyap.com\/wp-content\/uploads\/2017\/01\/kuptas-900-300x300.jpg 300w, https:\/\/tokyap.com\/wp-content\/uploads\/2017\/01\/kuptas-900-150x150.jpg 150w, https:\/\/tokyap.com\/wp-content\/uploads\/2017\/01\/kuptas-900-768x768.jpg 768w\" sizes=\"auto, (max-width: 900px) 100vw, 900px\" \/><\/figure><div class=\"featured-image-desc\"><span><a href=\"https:\/\/tokyap.com\/index.php\/portfoy\/pomza-blok-uretimi\/\"><i class=\"fa fa-plus\"><\/i><\/a><\/span><div class=\"feature-inner-block\"><h3 class=\"feature-title-wrap\"><a href=\"https:\/\/tokyap.com\/index.php\/portfoy\/pomza-blok-uretimi\/\">K\u00fcp Ta\u015f \u00dcretimi<\/a><\/h3><h4 class=\"feature-desc-wrap\">Granit ve K\u00fcpta\u015f\u00a0sekt\u00f6r\u00fcnde pazar pay\u0131n\u0131 ve m\u00fc\u015fteri profilimizi geni\u015f bir yelpazede tutarak, madencilik ve in\u015faat malzemeleri \u00fcretiminde evrensel boyutta teknolojik [&hellip;]<\/h4><\/div><\/div><\/div><\/div><!-- \/.tg-column-wrapper--><\/div><!-- \/.grid --><\/div><!-- \/.tg-container --><\/div><!-- \/.layout div --><\/div><\/div><\/div><\/div><div id=\"pg-643-3\"  class=\"panel-grid panel-has-style\" ><div class=\"siteorigin-panels-stretch panel-row-style panel-row-style-for-643-3\" data-siteorigin-parallax=\"{&quot;backgroundUrl&quot;:&quot;https:\\\/\\\/tokyap.com\\\/wp-content\\\/uploads\\\/2017\\\/01\\\/bg.jpg&quot;,&quot;backgroundSize&quot;:[1920,1300],&quot;backgroundSizing&quot;:&quot;scaled&quot;,&quot;limitMotion&quot;:&quot;auto&quot;}\" data-stretch-type=\"full\" ><div id=\"pgc-643-3-0\"  class=\"panel-grid-cell\" ><div id=\"panel-643-3-0-0\" class=\"so-panel widget widget_themegrill_flash_cta tg-widget call-to-action-section panel-first-child panel-last-child\" data-index=\"6\" ><div class=\"panel-widget-style panel-widget-style-for-643-3-0-0\" ><div class=\"cta-wrapper call-to-action-section-layout-1\">\n\t<div class=\"section-title-wrapper\">\n\t\t\t\t<h3 class=\"section-title\">\u00dcR\u00dcNLER\u0130M\u0130Z ve UYGULAMALARIMIZ HAKKINDA DAHA FAZLA B\u0130LG\u0130 ALMAK \u0130\u00c7\u0130N TIKLAYINIZ<\/h3>\n\t\t\t<\/div>\n\t\t<div class=\"btn-wrapper\">\n\t\t\t\t<a class=\"btn\" href=\"#\">WhatssApp ileti\u015fim<\/a>\n\t\t\t\t\t\t<a class=\"btn\" href=\"#\">Teklif \u0130ste<\/a>\n\t\t\t<\/div>\n\t<\/div>\n<\/div><\/div><\/div><\/div><\/div><\/div>","protected":false},"excerpt":{"rendered":"<p>En Kapsaml\u0131 ve En Tecr\u00fcbeli Projelerinize hayat verecek t\u00fcm \u00e7\u00f6z\u00fcmler i\u00e7in TOKYAP size yeter! Teklif \u0130steyin Do\u011fadan sanata y\u00f6n veren [&hellip;]<\/p>\n","protected":false},"author":1,"featured_media":0,"parent":0,"menu_order":0,"comment_status":"closed","ping_status":"closed","template":"page-templates\/pagebuilder.php","meta":{"footnotes":""},"class_list":["post-643","page","type-page","status-publish","hentry"],"_links":{"self":[{"href":"https:\/\/tokyap.com\/index.php\/wp-json\/wp\/v2\/pages\/643","targetHints":{"allow":["GET"]}}],"collection":[{"href":"https:\/\/tokyap.com\/index.php\/wp-json\/wp\/v2\/pages"}],"about":[{"href":"https:\/\/tokyap.com\/index.php\/wp-json\/wp\/v2\/types\/page"}],"author":[{"embeddable":true,"href":"https:\/\/tokyap.com\/index.php\/wp-json\/wp\/v2\/users\/1"}],"replies":[{"embeddable":true,"href":"https:\/\/tokyap.com\/index.php\/wp-json\/wp\/v2\/comments?post=643"}],"version-history":[{"count":24,"href":"https:\/\/tokyap.com\/index.php\/wp-json\/wp\/v2\/pages\/643\/revisions"}],"predecessor-version":[{"id":806,"href":"https:\/\/tokyap.com\/index.php\/wp-json\/wp\/v2\/pages\/643\/revisions\/806"}],"wp:attachment":[{"href":"https:\/\/tokyap.com\/index.php\/wp-json\/wp\/v2\/media?parent=643"}],"curies":[{"name":"wp","href":"https:\/\/api.w.org\/{rel}","templated":true}]}}